{"id":9,"date":"2017-01-04T22:03:29","date_gmt":"2017-01-04T21:03:29","guid":{"rendered":"https:\/\/houtstylist.nl\/?page_id=9"},"modified":"2017-01-04T22:04:40","modified_gmt":"2017-01-04T21:04:40","slug":"home","status":"publish","type":"page","link":"https:\/\/houtstylist.nl\/de\/","title":{"rendered":"Home"},"content":{"rendered":"<p><\/p>\n<h3>Willkommen auf der Webseite von Albert Jan Rouwkema.<\/h3>\n\r\n<style>\r\n\r\n\t\/*Used to keep captions inside the visible area*\/\r\n\t#foogallery-gallery-6 .foo-item {\r\n\t\tmax-height: 220px;\r\n\t}\r\n\r\n\t#foogallery-gallery-6.border-style-inset a::after {\r\n\t\tbox-shadow: inset 0 0 20px #000;\r\n\t\t-moz-box-shadow: inset 0 0 20px #000;\r\n\t\t-webkit-box-shadow: inset 0 0 calc(220)px\/4 rgba(0,0,0,0.8);\r\n\t}\r\n<\/style>\r\n\r\n<div id=\"foogallery-gallery-6\" class=\"foogallery foogallery-container foogallery-owl-carousel foogallery-lightbox-foobox owl-carousel  border-style-square-white hasborder\">\r\n\r\n\t\t\t\t<div class=\"foo-item\" >\r\n\t\t\t<a  href=\"https:\/\/houtstylist.nl\/wp-content\/uploads\/AJR-front1.jpg\" data-attachment-id=\"39\" data-type=\"image\" class=\"\"><img loading=\"lazy\" decoding=\"async\"  src=\"https:\/\/houtstylist.nl\/wp-content\/uploads\/cache\/AJR-front1\/1110757574.jpg\" width=\"150\" height=\"200\" class=\"skip-lazy\" \/><\/a>\r\n\t\t\t<\/div>\r\n\r\n\t\t\t\t<div class=\"foo-item\" >\r\n\t\t\t<a  href=\"https:\/\/houtstylist.nl\/wp-content\/uploads\/AJR-front2.jpg\" data-attachment-id=\"40\" data-type=\"image\" class=\"\"><img loading=\"lazy\" decoding=\"async\"  src=\"https:\/\/houtstylist.nl\/wp-content\/uploads\/cache\/AJR-front2\/2790620619.jpg\" width=\"150\" height=\"200\" class=\"skip-lazy\" \/><\/a>\r\n\t\t\t<\/div>\r\n\r\n\t\t\t\t<div class=\"foo-item\" >\r\n\t\t\t<a  href=\"https:\/\/houtstylist.nl\/wp-content\/uploads\/AJR-front3.jpg\" data-attachment-id=\"41\" data-type=\"image\" class=\"\"><img loading=\"lazy\" decoding=\"async\"  src=\"https:\/\/houtstylist.nl\/wp-content\/uploads\/cache\/AJR-front3\/2590321145.jpg\" width=\"150\" height=\"200\" class=\"skip-lazy\" \/><\/a>\r\n\t\t\t<\/div>\r\n\r\n\t\t\t\t<div class=\"foo-item\" >\r\n\t\t\t<a  href=\"https:\/\/houtstylist.nl\/wp-content\/uploads\/Albert-Jan.jpg\" data-attachment-id=\"239\" data-type=\"image\" class=\"\"><img loading=\"lazy\" decoding=\"async\"  src=\"https:\/\/houtstylist.nl\/wp-content\/uploads\/cache\/Albert-Jan\/2597097241.jpg\" width=\"150\" height=\"200\" class=\"skip-lazy\" \/><\/a>\r\n\t\t\t<\/div>\r\n\r\n\t\t\t\t<div class=\"foo-item\" >\r\n\t\t\t<a  href=\"https:\/\/houtstylist.nl\/wp-content\/uploads\/AJR-front5.jpg\" data-attachment-id=\"43\" data-type=\"image\" class=\"\"><img loading=\"lazy\" decoding=\"async\"  src=\"https:\/\/houtstylist.nl\/wp-content\/uploads\/cache\/AJR-front5\/1716490087.jpg\" width=\"150\" height=\"200\" class=\"skip-lazy\" \/><\/a>\r\n\t\t\t<\/div>\r\n\r\n\t\t\t\t<div class=\"foo-item\" >\r\n\t\t\t<a  href=\"https:\/\/houtstylist.nl\/wp-content\/uploads\/AJR-front6.jpg\" data-attachment-id=\"44\" data-type=\"image\" class=\"\"><img loading=\"lazy\" decoding=\"async\"  src=\"https:\/\/houtstylist.nl\/wp-content\/uploads\/cache\/AJR-front6\/1452551427.jpg\" width=\"150\" height=\"200\" class=\"skip-lazy\" \/><\/a>\r\n\t\t\t<\/div>\r\n\r\n\t<\/div>\r\n\r\n<script>\r\n\/* The Owl Initialization Script\r\n\/* The first lines conditionally show the slide animation *\/\r\njQuery(window).on(\"load\", function(){\r\n\tvar $galleryContainer = jQuery( '#foogallery-gallery-6' );\r\n\tvar $containerID = '#foogallery-gallery-6';\r\n\r\n\tjQuery(document).on('keydown', function( event ) { \/\/attach event listener\r\n\t\tif (event.keyCode == 37) {\r\n\t\t\t$galleryContainer.trigger('prev.owl')\r\n\t\t}\r\n\t\tif (event.keyCode == 39) {\r\n\t\t\t$galleryContainer.trigger('next.owl')\r\n\t\t}\r\n\t});\r\n\r\n\t\r\n\t$galleryContainer.owlCarousel({\r\n\t\titems: 6,\r\n\t\tnav: false,\r\n\t\tmargin: 5,\r\n\t\tloop:true,\r\n\t\tautoplay: true,\r\n\t\tautoplaySpeed: 4000,\r\n\t\tsmartSpeed:250,\r\n\t\tnavSpeed: 1250,\r\n\t\tnavText: ['prev', 'next'],\r\n\t\tautoplayHoverPause: false,\r\n\t\tlazyLoad: 1,\r\n\t\tautoWidth: 0,\r\n\t\t\t});\r\n});\r\n<\/script>\n<p>Seit meiner Kindheit habe ich eine starke Affinit\u00e4t zu Holz und das Drechseln habe ich schon in meiner Jugend gelernt. W\u00e4hrend meiner Ausbildung zum Lehrer Kunst und Handwerk wurde mein Sinn f\u00fcr Kunst und Design weiter entwickelt.<br \/>\nIn 1995 habe ich, um meine Technik zu verfeinern, einen Drechselkurs bei Jamie Walwin in England absolviert. In 2009 folgte noch ein Kurs Exzentrisch Drechseln bei Jean-Fran\u00e7ois Escoulen in Meppen.<\/p>\n<p>Jetzt sind die gedrechselte Formen oft ein Teil meiner Objekte und  Skulpturen.<br \/>\nHolz fasziniert mich wegen der Strukturen, der sch\u00f6nen Verwachsungen, der Regelm\u00e4\u00dfigkeit in den Wachstumsringen und der Wildheit der Warzen (Burr).<br \/>\nIch ben\u00fctze fast ausschlie\u00dflich Europ\u00e4ische Holzarten und verwende umweltfreundliche Sch\u00fctzmittel.<\/p>\n<p>Die Inspiration f\u00fcr meine Formgebung finde ich der Natur und in mathematischen Formen. Ich arbeite oft thematisch, wobei  das gedrechselte, gebogene oder ges\u00e4gte Holz mit andere Materialen ( Federstahl, Plexiglas, Messing,  Glas)  kombiniert wird um meinen Objecte einen dynamischen Aspekt zu verleihen. Dennoch bleibt Holz Hauptbestandteil meiner Werke.<\/p>\n<p>In 2006 gewann ich Silber bei  den Professionals bei einem Mondialen Wettbewerb in England mit dem werk \u201cCarribean Dancers\u201d<br \/>\nSeit 2007 bin ich als K\u00fcnstler bei CBK Groningen registriert.<br \/>\nDas Magazine American Woodturner ver\u00f6ffentlichte in der Mitglieder-Galerie der August\/September 2016 Ausgabe einen Artikel mit Bildern einige meiner Werke.<br \/>\nDas Magazin De Vlaamse Houtdraaier, 4.Quartal 2016, hat mehrere Seiten meinem Werk gewidmet.<\/p>\n<blockquote><p>Es ist die Kunst, Kunst mit dem Leben zu verweben und so deinen Platz in der Welt zu erschaffen. \u00a9 AJR<\/p><\/blockquote>\n<p><\/p>","protected":false},"excerpt":{"rendered":"<p>Willkommen auf der Webseite von Albert Jan Rouwkema. Seit meiner Kindheit habe ich eine starke Affinit\u00e4t zu Holz und das Drechseln habe ich schon in meiner Jugend gelernt. W\u00e4hrend meiner Ausbildung zum Lehrer Kunst und Handwerk wurde mein Sinn f\u00fcr Kunst und Design weiter entwickelt. In 1995 habe ich, um\u2026<\/p>\n<p> <a class=\"continue-reading-link\" href=\"https:\/\/houtstylist.nl\/de\/\"><span>Weiter lesen<\/span><i class=\"crycon-right-dir\"><\/i><\/a> <\/p>\n","protected":false},"author":1,"featured_media":0,"parent":0,"menu_order":0,"comment_status":"closed","ping_status":"closed","template":"templates\/template-onecolumn.php","meta":{"footnotes":""},"class_list":["post-9","page","type-page","status-publish","hentry"],"_links":{"self":[{"href":"https:\/\/houtstylist.nl\/de\/wp-json\/wp\/v2\/pages\/9","targetHints":{"allow":["GET"]}}],"collection":[{"href":"https:\/\/houtstylist.nl\/de\/wp-json\/wp\/v2\/pages"}],"about":[{"href":"https:\/\/houtstylist.nl\/de\/wp-json\/wp\/v2\/types\/page"}],"author":[{"embeddable":true,"href":"https:\/\/houtstylist.nl\/de\/wp-json\/wp\/v2\/users\/1"}],"replies":[{"embeddable":true,"href":"https:\/\/houtstylist.nl\/de\/wp-json\/wp\/v2\/comments?post=9"}],"version-history":[{"count":2,"href":"https:\/\/houtstylist.nl\/de\/wp-json\/wp\/v2\/pages\/9\/revisions"}],"predecessor-version":[{"id":13,"href":"https:\/\/houtstylist.nl\/de\/wp-json\/wp\/v2\/pages\/9\/revisions\/13"}],"wp:attachment":[{"href":"https:\/\/houtstylist.nl\/de\/wp-json\/wp\/v2\/media?parent=9"}],"curies":[{"name":"wp","href":"https:\/\/api.w.org\/{rel}","templated":true}]}}